{"id":254,"date":"2018-05-01T16:10:10","date_gmt":"2018-05-01T07:10:10","guid":{"rendered":"http:\/\/nexseed.biz\/?page_id=254"},"modified":"2022-03-29T16:39:22","modified_gmt":"2022-03-29T07:39:22","slug":"%e3%81%8a%e5%95%8f%e3%81%84%e5%90%88%e3%82%8f%e3%81%9b","status":"publish","type":"page","link":"http:\/\/nexseed.biz\/?page_id=254","title":{"rendered":"\u304a\u554f\u3044\u5408\u308f\u305b"},"content":{"rendered":"<p><span style=\"font-size: 14pt;\">\u30d1\u30bd\u30b3\u30f3\u306e\u30c8\u30e9\u30d6\u30eb\u3092\uff12\uff14\u6642\u9593\u30e1\u30fc\u30eb\u306b\u3066\u53d7\u4ed8\u3057\u3066\u3044\u307e\u3059\u3002\u304a\u6c17\u8efd\u306b\u3054\u76f8\u8ac7\u304f\u3060\u3055\u3044\u3002<\/span><\/p>\n<p><span style=\"font-size: 14pt;\">\u304a\u554f\u3044\u5408\u308f\u305b\u96fb\u8a71\u756a\u53f7\uff1a048-446-9006<\/span><\/p>\n<p>&nbsp;<\/p>\n<p><span style=\"font-size: 14pt;\">\u500b\u4eba\u60c5\u5831\u306e\u53d6\u308a\u6271\u3044\u306b\u3064\u3044\u3066<\/span><\/p>\n<p><span style=\"font-size: 14pt;\">\u3054\u8a18\u5165\u3044\u305f\u3060\u3044\u305f\u500b\u4eba\u60c5\u5831\u306f\u3001\u304a\u554f\u3044\u5408\u308f\u305b\u3078\u306e\u5bfe\u5fdc\u304a\u3088\u3073\u78ba\u8a8d\u306e\u305f\u3081\u306e\u307f\u306b\u5229\u7528\u3057\u307e\u3059\u3002\u307e\u305f\u3001\u3053\u306e\u76ee\u7684\u306e\u305f\u3081\u306b\u304a\u554f\u3044\u5408\u308f\u305b\u306e\u8a18\u9332\u3092\u6b8b\u3059\u3053\u3068\u304c\u3042\u308a\u307e\u3059\u3002<\/span><\/p>\n<p><span style=\"font-size: 14pt;\">\u8a73\u3057\u304f\u306f<a href=\"http:\/\/nexseed.biz\/privacy\" target=\"_blank\" rel=\"noopener\">\u30d7\u30e9\u30a4\u30d0\u30b7\u30fc\u30dd\u30ea\u30b7\u30fc<\/a>\u3092\u3054\u53c2\u7167\u304f\u3060\u3055\u3044<\/span><span style=\"font-size: 2.33em;\">\u00a0<\/span><\/p>\n\n<div class=\"wpcf7 no-js\" id=\"wpcf7-f1733-o1\" lang=\"ja\" dir=\"ltr\" data-wpcf7-id=\"1733\">\n<div class=\"screen-reader-response\"><p role=\"status\" aria-live=\"polite\" aria-atomic=\"true\"><\/p> <ul><\/ul><\/div>\n<script type=\"text\/javascript\" charset=\"UTF-8\" src=\"https:\/\/zipaddr.github.io\/zipaddrx.js?v=1.42\"><\/script><script defer src=\"data:text\/javascript;base64,ZnVuY3Rpb24gemlwYWRkcl9vd25iKCl7WlAuZGxpPSctJztaUC53cD0nMSc7WlAudXZlcj0nMzA1MzQuOTUxOTUuNjI2ODQnO1pQLnN5c2lkPSdDb250YWN0Rm9ybTcnO30=\"><\/script><script type=\"text\/javascript\" charset=\"UTF-8\" src=\"https:\/\/zipaddr.github.io\/contactform7.js\"><\/script><form action=\"\/index.php?rest_route=%2Fwp%2Fv2%2Fpages%2F254#wpcf7-f1733-o1\" method=\"post\" class=\"wpcf7-form init\" aria-label=\"\u30b3\u30f3\u30bf\u30af\u30c8\u30d5\u30a9\u30fc\u30e0\" novalidate=\"novalidate\" data-status=\"init\">\n<fieldset class=\"hidden-fields-container\"><input type=\"hidden\" name=\"_wpcf7\" value=\"1733\" \/><input type=\"hidden\" name=\"_wpcf7_version\" value=\"6.1.5\" \/><input type=\"hidden\" name=\"_wpcf7_locale\" value=\"ja\" \/><input type=\"hidden\" name=\"_wpcf7_unit_tag\" value=\"wpcf7-f1733-o1\" \/><input type=\"hidden\" name=\"_wpcf7_container_post\" value=\"0\" \/><input type=\"hidden\" name=\"_wpcf7_posted_data_hash\" value=\"\" \/><input type=\"hidden\" name=\"_wpcf7_recaptcha_response\" value=\"\" \/>\n<\/fieldset>\n<table class=\"CF7_table\">\n\t<tr>\n\t\t<th>\n\t\t\t<p><span class=\"CF7_req\">\u5fc5\u9808<\/span> \u3054\u76f8\u8ac7\u5185\u5bb9\n\t\t\t<\/p>\n\t\t<\/th>\n\t\t<td>\n\t\t\t<p><span class=\"wpcf7-form-control-wrap\" data-name=\"checkbox-inq\"><span class=\"wpcf7-form-control wpcf7-checkbox wpcf7-validates-as-required\"><span class=\"wpcf7-list-item first\"><input type=\"checkbox\" name=\"checkbox-inq[]\" value=\"PC\u30b5\u30dd\u30fc\u30c8\u4fee\u7406\" \/><span class=\"wpcf7-list-item-label\">PC\u30b5\u30dd\u30fc\u30c8\u4fee\u7406<\/span><\/span><span class=\"wpcf7-list-item\"><input type=\"checkbox\" name=\"checkbox-inq[]\" value=\"\u30cd\u30c3\u30c8\u30ef\u30fc\u30af\u69cb\u7bc9\" \/><span class=\"wpcf7-list-item-label\">\u30cd\u30c3\u30c8\u30ef\u30fc\u30af\u69cb\u7bc9<\/span><\/span><span class=\"wpcf7-list-item\"><input type=\"checkbox\" name=\"checkbox-inq[]\" value=\"\u30db\u30fc\u30e0\u30da\u30fc\u30b8\u4f5c\u6210\" \/><span class=\"wpcf7-list-item-label\">\u30db\u30fc\u30e0\u30da\u30fc\u30b8\u4f5c\u6210<\/span><\/span><span class=\"wpcf7-list-item\"><input type=\"checkbox\" name=\"checkbox-inq[]\" value=\"\u30c7\u30fc\u30bf\u5fa9\u65e7\" \/><span class=\"wpcf7-list-item-label\">\u30c7\u30fc\u30bf\u5fa9\u65e7<\/span><\/span><span class=\"wpcf7-list-item last\"><input type=\"checkbox\" name=\"checkbox-inq[]\" value=\"\u305d\u306e\u4ed6\u306e\u304a\u554f\u3044\u5408\u308f\u305b\" \/><span class=\"wpcf7-list-item-label\">\u305d\u306e\u4ed6\u306e\u304a\u554f\u3044\u5408\u308f\u305b<\/span><\/span><\/span><\/span>\n\t\t\t<\/p>\n\t\t<\/td>\n\t<\/tr>\n\t<tr>\n\t\t<th>\n\t\t\t<p><span class=\"CF7_req\">\u5fc5\u9808<\/span> \u304a\u540d\u524d\n\t\t\t<\/p>\n\t\t<\/th>\n\t\t<td>\n\t\t\t<p><span class=\"wpcf7-form-control-wrap\" data-name=\"your-name\"><input size=\"40\" maxlength=\"400\" class=\"wpcf7-form-control wpcf7-text wpcf7-validates-as-required\" aria-required=\"true\" aria-invalid=\"false\" placeholder=\"\u3042\u306a\u305f\u306e\u304a\u540d\u524d\" value=\"\" type=\"text\" name=\"your-name\" \/><\/span>\n\t\t\t<\/p>\n\t\t<\/td>\n\t<\/tr>\n\t<tr>\n\t\t<th>\n\t\t\t<p><span class=\"CF7_req\">\u5fc5\u9808<\/span> \u30e1\u30fc\u30eb\u30a2\u30c9\u30ec\u30b9\n\t\t\t<\/p>\n\t\t<\/th>\n\t\t<td>\n\t\t\t<p><span class=\"wpcf7-form-control-wrap\" data-name=\"your-email\"><input size=\"40\" maxlength=\"400\" class=\"wpcf7-form-control wpcf7-email wpcf7-validates-as-required wpcf7-text wpcf7-validates-as-email\" aria-required=\"true\" aria-invalid=\"false\" placeholder=\"\u00d7\u00d7\u00d7@\u00d7\u00d7\u00d7.com\" value=\"\" type=\"email\" name=\"your-email\" \/><\/span>\n\t\t\t<\/p>\n\t\t<\/td>\n\t<\/tr>\n\t<tr>\n\t\t<th>\n\t\t\t<p><span class=\"CF7_unreq\">\u4efb\u610f<\/span>\u4f1a\u793e\u540d\n\t\t\t<\/p>\n\t\t<\/th>\n\t\t<td>\n\t\t\t<p><span class=\"wpcf7-form-control-wrap\" data-name=\"your-company\"><input size=\"40\" maxlength=\"400\" class=\"wpcf7-form-control wpcf7-text\" aria-invalid=\"false\" placeholder=\"\u4f8b\uff1a\u25ef\u25ef\u682a\u5f0f\u4f1a\u793e\" value=\"\" type=\"text\" name=\"your-company\" \/><\/span>\n\t\t\t<\/p>\n\t\t<\/td>\n\t<\/tr>\n\t<tr>\n\t\t<th>\n\t\t\t<p><span class=\"CF7_req\">\u5fc5\u9808<\/span>\u90f5\u4fbf\u756a\u53f7\n\t\t\t<\/p>\n\t\t<\/th>\n\t\t<td>\n\t\t\t<p><span class=\"wpcf7-form-control-wrap\" data-name=\"zip\"><input size=\"40\" maxlength=\"400\" class=\"wpcf7-form-control wpcf7-text wpcf7-validates-as-required\" id=\"zip\" aria-required=\"true\" aria-invalid=\"false\" placeholder=\"\u4f8b\uff1a123-4567\" value=\"\" type=\"text\" name=\"zip\" \/><\/span>\n\t\t\t<\/p>\n\t\t<\/td>\n\t<\/tr>\n\t<tr>\n\t\t<th>\n\t\t\t<p><span class=\"CF7_req\">\u5fc5\u9808<\/span>\u90fd\u9053\u5e9c\u770c\n\t\t\t<\/p>\n\t\t<\/th>\n\t\t<td>\n\t\t\t<p><span class=\"wpcf7-form-control-wrap\" data-name=\"pref\"><input size=\"40\" maxlength=\"400\" class=\"wpcf7-form-control wpcf7-text wpcf7-validates-as-required\" id=\"pref\" aria-required=\"true\" aria-invalid=\"false\" placeholder=\"\" value=\"\" type=\"text\" name=\"pref\" \/><\/span>\n\t\t\t<\/p>\n\t\t<\/td>\n\t<\/tr>\n\t<tr>\n\t\t<th>\n\t\t\t<p><span class=\"CF7_req\">\u5fc5\u9808<\/span>\u3054\u4f4f\u6240\n\t\t\t<\/p>\n\t\t<\/th>\n\t\t<td class=\"address-100\">\n\t\t\t<p><span class=\"wpcf7-form-control-wrap\" data-name=\"addr\"><input size=\"40\" maxlength=\"400\" class=\"wpcf7-form-control wpcf7-text wpcf7-validates-as-required\" id=\"addr\" aria-required=\"true\" aria-invalid=\"false\" placeholder=\"\" value=\"\" type=\"text\" name=\"addr\" \/><\/span>\n\t\t\t<\/p>\n\t\t<\/td>\n\t<\/tr>\n\t<tr>\n\t\t<th>\n\t\t\t<p><span class=\"CF7_req\">\u5fc5\u9808<\/span>\u304a\u96fb\u8a71\u756a\u53f7\n\t\t\t<\/p>\n\t\t<\/th>\n\t\t<td>\n\t\t\t<p><span class=\"wpcf7-form-control-wrap\" data-name=\"your-tel\"><input size=\"40\" maxlength=\"400\" class=\"wpcf7-form-control wpcf7-text wpcf7-validates-as-required\" aria-required=\"true\" aria-invalid=\"false\" placeholder=\"\u4f8b\uff1a03-1234-5678\" value=\"\" type=\"text\" name=\"your-tel\" \/><\/span>\n\t\t\t<\/p>\n\t\t<\/td>\n\t<\/tr>\n\t<tr>\n\t\t<th>\n\t\t\t<p><span class=\"CF7_unreq\">\u4efb\u610f<\/span>\u8a2a\u554f\u5e0c\u671b\u65e5\n\t\t\t<\/p>\n\t\t<\/th>\n\t\t<td>\n\t\t\t<p><span class=\"wpcf7-form-control-wrap\" data-name=\"date-887\"><input class=\"wpcf7-form-control wpcf7-date wpcf7-validates-as-date\" aria-invalid=\"false\" value=\"\" type=\"date\" name=\"date-887\" \/><\/span>\n\t\t\t<\/p>\n\t\t<\/td>\n\t<\/tr>\n\t<tr>\n\t\t<th>\n\t\t\t<p><span class=\"CF7_req\">\u5fc5\u9808<\/span>\u514d\u8cac\u4e8b\u9805\n\t\t\t<\/p>\n\t\t<\/th>\n\t\t<td>\n\t\t\t<p><span class=\"must\">\u3000<\/span>\u514d\u8cac\u4e8b\u9805\u306b\u540c\u610f\u3057\u307e\u3059\u3000<span class=\"wpcf7-form-control-wrap\" data-name=\"acceptance-353\"><span class=\"wpcf7-form-control wpcf7-acceptance\"><span class=\"wpcf7-list-item\"><input type=\"checkbox\" name=\"acceptance-353\" value=\"1\" aria-invalid=\"false\" \/><\/span><\/span><\/span>\n\t\t\t<\/p>\n\t\t\t<div id=\"scroll\" style=\"height: 200px; overflow: auto; padding: 18px; border: 1px solid #ccc; background: #ffffff; border-radius: 6px;\">\n\t\t\t\t<p>\u30d1\u30bd\u30b3\u30f3\u30b5\u30dd\u30fc\u30c8\u306b\u95a2\u3059\u308b\u5229\u7528\u898f\u7d04\u30fb\u514d\u8cac\u4e8b\u9805\u308b\u5229\u7528\u898f\u7d04\n\t\t\t\t<\/p>\n\t\t\t\t<p>\u63a5\u7d9a\u306e\u975e\u4fdd\u8a3c<br \/>\n\u672c\u30b5\u30fc\u30d3\u30b9\u306f\u3001\u30a4\u30f3\u30bf\u30fc\u30cd\u30c3\u30c8\u5229\u7528\u306b\u95a2\u3059\u308b\u8a2a\u554f\u30b5\u30dd\u30fc\u30c8\u3092\u5b9f\u65bd\u3059\u308b\u3082\u306e\u3067\u3059\u3002\u304a\u5ba2\u69d8\u306e\u30d1\u30bd\u30b3\u30f3\u74b0\u5883\u3084\u5b85\u5185\u74b0\u5883\u306b\u3088\u308a\u3001\u63a5\u7d9a\u8a2d\u5b9a\u304c\u3067\u304d\u306a\u3044\u5834\u5408\u304c\u3042\u308b\u70ba\u3001\u5f0a\u793e\u304c\u63a5\u7d9a\u7b49\u3092\u4fdd\u8a3c\u3059\u308b\u3082\u306e\u3067\u306f\u3042\u308a\u307e\u305b\u3093\u3002\n\t\t\t\t<\/p>\n\t\t\t\t<p>\u30c7\u30fc\u30bf\u306e\u4fdd\u8a3c\u306b\u3064\u3044\u3066<br \/>\n\u304a\u5ba2\u69d8\u306e\u30d1\u30bd\u30b3\u30f3\u5185\u306b\u4fdd\u5b58\u3055\u308c\u3066\u3044\u308b\u30c7\u30fc\u30bf\u306e\u30d0\u30c3\u30af\u30a2\u30c3\u30d7\u306f\u304a\u5ba2\u69d8\u81ea\u8eab\u3067\u4fdd\u7ba1\u3059\u308b\u3068\u4f9b\u306b\u3001\u8a2a\u554f\u30b5\u30dd\u30fc\u30c8\u306e\u5b9f\u65bd\u306b\u3042\u305f\u308a\u3001\u304a\u5ba2\u69d8\u306e\u30c7\u30fc\u30bf\u304c\u7d1b\u5931\u3057\u305f\u5834\u5408\u3067\u3082\u5f53\u793e\u306f\u3044\u304b\u306a\u308b\u8cac\u4efb\u3082\u8ca0\u3044\u304b\u306d\u307e\u3059\u3002\u91cd\u8981\u306a\u30c7\u30fc\u30bf\u304c\u5b58\u5728\u3059\u308b\u5834\u5408\u306f\u304a\u5ba2\u69d8\u306b\u3066\u30c7\u30fc\u30bf\u306e\u30d0\u30c3\u30af\u30a2\u30c3\u30d7\u3092\u304a\u9858\u3044\u81f4\u3057\u307e\u3059\u3002\n\t\t\t\t<\/p>\n\t\t\t\t<p>\u30bd\u30d5\u30c8\u30a6\u30a8\u30a2\u306e\u30a4\u30f3\u30b9\u30c8\u30fc\u30eb\u30fb\u30a2\u30f3\u30a4\u30f3\u30b9\u30c8\u30fc\u30eb\u306b\u3064\u3044\u3066<br \/>\n\u30bd\u30d5\u30c8\u30a6\u30a8\u30a2\u306e\u30a4\u30f3\u30b9\u30c8\u30fc\u30eb\u30fb\u30a2\u30f3\u30a4\u30f3\u30b9\u30c8\u30fc\u30eb\u306f\u5834\u5408\u306b\u3088\u3063\u3066\u306f\u4e0d\u5177\u5408\u304c\u767a\u751f\u3059\u308b\u3053\u3068\u304c\u3042\u308a\u307e\u3059\u3002\u5f0a\u793e\u3068\u3057\u3066\u5fa9\u65e7\u306e\u70ba\u306e\u6700\u5927\u9650\u306e\u52aa\u529b\u306f\u81f4\u3057\u307e\u3059\u304c\u5b8c\u5168\u306a\u5fa9\u65e7\u304c\u3067\u304d\u306a\u3044\u5834\u5408\u304c\u3042\u308a\u307e\u3059\u3002\u3054\u4e86\u627f\u9858\u3044\u307e\u3059\u3002\n\t\t\t\t<\/p>\n\t\t\t\t<p>\u30b5\u30dd\u30fc\u30c8\u5bfe\u8c61\u5916OS\u306e\u5bfe\u5fdc\u306b\u3064\u3044\u3066<br \/>\nMicrosoft\u793e\u306eWindowsXP\u3088\u308a\u4ee5\u524d\u306eOS\uff08\u88fd\u9020\u5143Microsoft\u793e\u304c\u88fd\u54c1\u30b5\u30dd\u30fc\u30c8\u3092\u7d42\u4e86\u3057\u3066\u3044\u308b\u70ba\uff09<br \/>\n\u30fb\u30a2\u30c3\u30d7\u30eb\u793e MacOS9.2\u4ee5\u524d\uff08\u88fd\u9020\u5143\u30a2\u30c3\u30d7\u30eb\u793e\u304c\u30b5\u30dd\u30fc\u30c8\u7bc4\u56f2\u3092\u8457\u3057\u304f\u9650\u5b9a\u3057\u3066\u3044\u308b\u70ba\uff09<br \/>\n\u30fb\u4e0a\u8a18\u4e8c\u793e\u4ee5\u5916\u304c\u63d0\u4f9b\u3057\u3066\u3044\u308bOS (Linux\u7b49)\n\t\t\t\t<\/p>\n\t\t\t\t<p>\u514d\u8cac\u4e8b\u9805<br \/>\n\u5f53\u793e\u306f\u3001\u304a\u5ba2\u69d8\u304c\u672c\u30b5\u30fc\u30d3\u30b9\u3092\u5229\u7528\u3057\u305f\u3053\u3068\u304b\u3089\u751f\u305a\u308b\u640d\u5bb3(\u9038\u5931\u5229\u76ca\u3001\u4e8b\u696d\u306e\u4e2d\u65ad\u3001\u4e8b\u696d\u60c5\u5831\u306e\u55aa\u5931\u3001\u307e\u305f\u306f\u305d\u306e\u4ed6\u306e\u91d1\u92ad\u7684\u640d\u5bb3\u3092\u542b\u3080\u304c\u3053\u308c\u306b\u9650\u5b9a\u3055\u308c\u307e\u305b\u3093)\u306b\u95a2\u3057\u3066\u3001\u5f0a\u793e\u306e\u6545\u610f\u307e\u305f\u306f\u91cd\u904e\u5931\u304c\u539f\u56e0\u3067\u3042\u3063\u305f\u5834\u5408\u306b\u9650\u308a\u3053\u308c\u3092\u8ce0\u511f\u3059\u308b\u3082\u306e\u3068\u3057\u3001\u305d\u306e\u8ce0\u511f\u984d\u306f\u672c\u30b5\u30fc\u30d3\u30b9\u306e\u3054\u5229\u7528\u306b\u3088\u308a\u304a\u5ba2\u69d8\u304c\u652f\u6255\u3063\u305f\u91d1\u984d\u3092\u4e0a\u9650\u3068\u3057\u307e\u3059\u3002\u672c\u30b5\u30fc\u30d3\u30b9\u304c\u6b63\u5e38\u306b\u5b8c\u4e86\u3057\u305f\u5f8c\u306b\u767a\u751f\u3057\u305f\u4e0d\u5177\u5408\u306b\u3064\u3044\u3066\u306f\u4fdd\u8a3c\u3044\u305f\u3057\u304b\u306d\u307e\u3059\u3002\u518d\u8a2a\u554f\u306b\u3064\u3044\u3066\u306f\u6709\u511f\u3068\u306a\u308b\u5834\u5408\u304c\u3054\u3056\u3044\u307e\u3059\u3002\u4e88\u3081\u3054\u4e86\u627f\u9858\u3044\u307e\u3059\u3002\n\t\t\t\t<\/p>\n\t\t\t<\/div>\n\t\t<\/td>\n\t<\/tr>\n\t<tr>\n\t\t<th>\n\t\t\t<p><span class=\"CF7_req\">\u5fc5\u9808<\/span>\u30e1\u30c3\u30bb\u30fc\u30b8\u672c\u6587\n\t\t\t<\/p>\n\t\t<\/th>\n\t\t<td class=\"message-100\">\n\t\t\t<p><span class=\"wpcf7-form-control-wrap\" data-name=\"your-message\"><textarea cols=\"40\" rows=\"10\" maxlength=\"2000\" class=\"wpcf7-form-control wpcf7-textarea wpcf7-validates-as-required\" aria-required=\"true\" aria-invalid=\"false\" placeholder=\"\u304a\u554f\u3044\u5408\u308f\u305b\u5185\u5bb9\u3092\u3054\u8a18\u5165\u304f\u3060\u3055\u3044\" name=\"your-message\"><\/textarea><\/span>\n\t\t\t<\/p>\n\t\t<\/td>\n\t<\/tr>\n<\/table>\n<p class=\"CF7_btn\"><input class=\"wpcf7-form-control wpcf7-submit has-spinner\" type=\"submit\" value=\"\u9001\u4fe1\u3059\u308b\" \/>\n<\/p><p style=\"display: none !important;\" class=\"akismet-fields-container\" data-prefix=\"_wpcf7_ak_\"><label>&#916;<textarea name=\"_wpcf7_ak_hp_textarea\" cols=\"45\" rows=\"8\" maxlength=\"100\"><\/textarea><\/label><input type=\"hidden\" id=\"ak_js_1\" name=\"_wpcf7_ak_js\" value=\"143\"\/><script type=\"text\/javascript\">\n\/* <![CDATA[ *\/\ndocument.getElementById( \"ak_js_1\" ).setAttribute( \"value\", ( new Date() ).getTime() );\n\/* ]]> *\/\n<\/script>\n<\/p><div class=\"wpcf7-response-output\" aria-hidden=\"true\"><\/div>\n<\/form>\n<\/div>\n\n","protected":false},"excerpt":{"rendered":"<p>\u30d1\u30bd\u30b3\u30f3\u306e\u30c8\u30e9\u30d6\u30eb\u3092\uff12\uff14\u6642\u9593\u30e1\u30fc\u30eb\u306b\u3066\u53d7\u4ed8\u3057\u3066\u3044\u307e\u3059\u3002\u304a\u6c17\u8efd\u306b\u3054\u76f8\u8ac7\u304f\u3060\u3055\u3044\u3002 \u304a\u554f\u3044\u5408\u308f\u305b\u96fb\u8a71\u756a\u53f7\uff1a048-446-9006 &nbsp; \u500b\u4eba\u60c5\u5831\u306e\u53d6\u308a\u6271\u3044\u306b\u3064\u3044\u3066 \u3054\u8a18\u5165\u3044\u305f\u3060\u3044\u305f\u500b\u4eba\u60c5\u5831\u306f\u3001\u304a\u554f\u3044\u5408\u308f\u305b\u3078\u306e\u5bfe\u5fdc\u304a [&hellip;]<\/p>\n","protected":false},"author":1,"featured_media":0,"parent":0,"menu_order":0,"comment_status":"closed","ping_status":"closed","template":"","meta":{"_locale":"ja","_original_post":"http:\/\/nexseed.biz\/?page_id=254","sns_share_botton_hide":"","vkExUnit_sns_title":"","_vk_print_noindex":"","sitemap_hide":"","vkExUnit_sitemap":"","_veu_custom_css":"","veu_display_promotion_alert":"","_exclude_from_list_pages":"","vkexunit_cta_each_option":"","vkExUnit_childPageIndex":"","vkExUnit_pageList_ancestor":"","vkExUnit_contact_enable":"","_lightning_design_setting":{"layout":"default"},"footnotes":""},"class_list":["post-254","page","type-page","status-publish","hentry","ja"],"veu_head_title_object":{"title":"","add_site_title":""},"_links":{"self":[{"href":"http:\/\/nexseed.biz\/index.php?rest_route=\/wp\/v2\/pages\/254","targetHints":{"allow":["GET"]}}],"collection":[{"href":"http:\/\/nexseed.biz\/index.php?rest_route=\/wp\/v2\/pages"}],"about":[{"href":"http:\/\/nexseed.biz\/index.php?rest_route=\/wp\/v2\/types\/page"}],"author":[{"embeddable":true,"href":"http:\/\/nexseed.biz\/index.php?rest_route=\/wp\/v2\/users\/1"}],"replies":[{"embeddable":true,"href":"http:\/\/nexseed.biz\/index.php?rest_route=%2Fwp%2Fv2%2Fcomments&post=254"}],"version-history":[{"count":12,"href":"http:\/\/nexseed.biz\/index.php?rest_route=\/wp\/v2\/pages\/254\/revisions"}],"predecessor-version":[{"id":1767,"href":"http:\/\/nexseed.biz\/index.php?rest_route=\/wp\/v2\/pages\/254\/revisions\/1767"}],"wp:attachment":[{"href":"http:\/\/nexseed.biz\/index.php?rest_route=%2Fwp%2Fv2%2Fmedia&parent=254"}],"curies":[{"name":"wp","href":"https:\/\/api.w.org\/{rel}","templated":true}]}}